{"id":59,"date":"2026-01-22T14:22:54","date_gmt":"2026-01-22T12:22:54","guid":{"rendered":"https:\/\/www.pehmea.fi\/varaaminen\/"},"modified":"2026-02-13T10:19:19","modified_gmt":"2026-02-13T08:19:19","slug":"vuokrauslomake","status":"publish","type":"page","link":"https:\/\/www.pehmea.fi\/en\/vuokrauslomake\/","title":{"rendered":"Rental form"},"content":{"rendered":"\n<div class=\"wp-block-group alignfull is-style-ext-preset--group--natural-1--section has-background-background-color has-background has-global-padding is-layout-constrained wp-container-core-group-is-layout-ab56ae29 wp-block-group-is-layout-constrained\" id=\"varaa-nyt\" style=\"margin-top:0;margin-bottom:0;padding-top:var(--wp--preset--spacing--70);padding-bottom:var(--wp--preset--spacing--70)\">\n<div class=\"wp-block-group alignwide is-vertical is-content-justification-center is-layout-flex wp-container-core-group-is-layout-c9ee0c5a wp-block-group-is-layout-flex\">\n<div class=\"wp-block-group has-global-padding is-layout-constrained wp-container-core-group-is-layout-dd32767c wp-block-group-is-layout-constrained\">\n<h2 class=\"wp-block-heading has-text-align-center\">Varaa pehmisj\u00e4\u00e4tel\u00f6kone helposti ja vaivattomasti<\/h2>\n\n\n<style id=\"wpforms-css-vars-2338-block-23f6682c-5cc8-45f8-ad30-8c36ec9d43d9\">\n\t\t\t\t#wpforms-2338.wpforms-block-23f6682c-5cc8-45f8-ad30-8c36ec9d43d9 {\n\t\t\t\t--wpforms-field-size-input-height: 43px;\n--wpforms-field-size-input-spacing: 15px;\n--wpforms-field-size-font-size: 16px;\n--wpforms-field-size-line-height: 19px;\n--wpforms-field-size-padding-h: 14px;\n--wpforms-field-size-checkbox-size: 16px;\n--wpforms-field-size-sublabel-spacing: 5px;\n--wpforms-field-size-icon-size: 1;\n--wpforms-label-size-font-size: 16px;\n--wpforms-label-size-line-height: 19px;\n--wpforms-label-size-sublabel-font-size: 14px;\n--wpforms-label-size-sublabel-line-height: 17px;\n--wpforms-button-size-font-size: 17px;\n--wpforms-button-size-height: 41px;\n--wpforms-button-size-padding-h: 15px;\n--wpforms-button-size-margin-top: 10px;\n\t\t\t}\n\t\t\t<\/style><div class=\"wpforms-container wpforms-container-full wpforms-block wpforms-block-23f6682c-5cc8-45f8-ad30-8c36ec9d43d9 wpforms-render-modern\" id=\"wpforms-2338\"><form id=\"wpforms-form-2338\" class=\"wpforms-validate wpforms-form wpforms-ajax-form\" data-formid=\"2338\" method=\"post\" enctype=\"multipart\/form-data\" action=\"\/en\/wp-json\/wp\/v2\/pages\/59\" data-token=\"a606767a1fbee6f30f02c04ba0c35285\" data-token-time=\"1777656232\"><noscript class=\"wpforms-error-noscript\">Please enable JavaScript in your browser to complete this form.<\/noscript><div id=\"wpforms-error-noscript\" style=\"display: none;\">Please enable JavaScript in your browser to complete this form.<\/div><div class=\"wpforms-field-container\"><div id=\"wpforms-2338-field_2-container\" class=\"wpforms-field wpforms-field-name\" data-field-id=\"2\"><fieldset><legend class=\"wpforms-field-label\">Nimesi <span class=\"wpforms-required-label\" aria-hidden=\"true\">*<\/span><\/legend><div class=\"wpforms-field-row wpforms-field-medium\"><div class=\"wpforms-field-row-block wpforms-first wpforms-one-half\"><input type=\"text\" id=\"wpforms-2338-field_2\" class=\"wpforms-field-name-first wpforms-field-required\" name=\"wpforms[fields][2][first]\" placeholder=\"Etunimi\" aria-errormessage=\"wpforms-2338-field_2-error\" required><label for=\"wpforms-2338-field_2\" class=\"wpforms-field-sublabel after wpforms-sublabel-hide\">First<\/label><\/div><div class=\"wpforms-field-row-block wpforms-one-half\"><input type=\"text\" id=\"wpforms-2338-field_2-last\" class=\"wpforms-field-name-last wpforms-field-required\" name=\"wpforms[fields][2][last]\" placeholder=\"Sukunimi\" aria-errormessage=\"wpforms-2338-field_2-last-error\" required><label for=\"wpforms-2338-field_2-last\" class=\"wpforms-field-sublabel after wpforms-sublabel-hide\">Last<\/label><\/div><\/div><\/fieldset><\/div><div id=\"wpforms-2338-field_3-container\" class=\"wpforms-field wpforms-field-text\" data-field-id=\"3\"><label class=\"wpforms-field-label\" for=\"wpforms-2338-field_3\">Yrityksen nimi<\/label><input type=\"text\" id=\"wpforms-2338-field_3\" class=\"wpforms-field-medium\" name=\"wpforms[fields][3]\" aria-errormessage=\"wpforms-2338-field_3-error\" ><\/div><div id=\"wpforms-2338-field_4-container\" class=\"wpforms-field wpforms-field-textarea\" data-field-id=\"4\"><label class=\"wpforms-field-label\" for=\"wpforms-2338-field_4\">Asiakkaan \/ yrityksen osoite ja tapahtumapaikan osoite <span class=\"wpforms-required-label\" aria-hidden=\"true\">*<\/span><\/label><textarea id=\"wpforms-2338-field_4\" class=\"wpforms-field-medium wpforms-field-required\" name=\"wpforms[fields][4]\" aria-errormessage=\"wpforms-2338-field_4-error\" required><\/textarea><\/div><div id=\"wpforms-2338-field_5-container\" class=\"wpforms-field wpforms-field-email\" data-field-id=\"5\"><label class=\"wpforms-field-label\" for=\"wpforms-2338-field_5\">S\u00e4hk\u00f6posti <span class=\"wpforms-required-label\" aria-hidden=\"true\">*<\/span><\/label><input type=\"email\" id=\"wpforms-2338-field_5\" class=\"wpforms-field-medium wpforms-field-required\" name=\"wpforms[fields][5]\" spellcheck=\"false\" aria-errormessage=\"wpforms-2338-field_5-error\" required><\/div><div id=\"wpforms-2338-field_21-container\" class=\"wpforms-field wpforms-field-text\" data-field-id=\"21\"><label class=\"wpforms-field-label\" for=\"wpforms-2338-field_21\">Puhelinnumero <span class=\"wpforms-required-label\" aria-hidden=\"true\">*<\/span><\/label><input type=\"text\" id=\"wpforms-2338-field_21\" class=\"wpforms-field-medium wpforms-field-required\" name=\"wpforms[fields][21]\" aria-errormessage=\"wpforms-2338-field_21-error\" required><\/div><div id=\"wpforms-2338-field_7-container\" class=\"wpforms-field wpforms-field-text\" data-field-id=\"7\"><label class=\"wpforms-field-label\" for=\"wpforms-2338-field_7\">Vuokra-ajan aloitus p\u00e4iv\u00e4m\u00e4\u00e4r\u00e4 * <span class=\"wpforms-required-label\" aria-hidden=\"true\">*<\/span><\/label><input type=\"text\" id=\"wpforms-2338-field_7\" class=\"wpforms-field-medium wpforms-field-required\" name=\"wpforms[fields][7]\" aria-errormessage=\"wpforms-2338-field_7-error\" required><\/div><div id=\"wpforms-2338-field_8-container\" class=\"wpforms-field wpforms-field-text\" data-field-id=\"8\"><label class=\"wpforms-field-label\" for=\"wpforms-2338-field_8\">Vuokra-ajan aloitus kellonaika * <span class=\"wpforms-required-label\" aria-hidden=\"true\">*<\/span><\/label><input type=\"text\" id=\"wpforms-2338-field_8\" class=\"wpforms-field-medium wpforms-field-required\" name=\"wpforms[fields][8]\" aria-errormessage=\"wpforms-2338-field_8-error\" required><\/div>\t\t<div id=\"wpforms-2338-field_1-container\"\n\t\t\tclass=\"wpforms-field wpforms-field-text\"\n\t\t\tdata-field-type=\"text\"\n\t\t\tdata-field-id=\"1\"\n\t\t\t>\n\t\t\t<label class=\"wpforms-field-label\" for=\"wpforms-2338-field_1\" >1 Vuokra-ajan osoite<\/label>\n\t\t\t<input type=\"text\" id=\"wpforms-2338-field_1\" class=\"wpforms-field-medium\" name=\"wpforms[fields][1]\" >\n\t\t<\/div>\n\t\t<div id=\"wpforms-2338-field_9-container\" class=\"wpforms-field wpforms-field-select wpforms-field-select-style-classic\" data-field-id=\"9\"><label class=\"wpforms-field-label\" for=\"wpforms-2338-field_9\">Valitse s\u00e4ili\u00f6m\u00e4\u00e4r\u00e4 <span class=\"wpforms-required-label\" aria-hidden=\"true\">*<\/span><\/label><select id=\"wpforms-2338-field_9\" class=\"wpforms-field-medium wpforms-field-required\" name=\"wpforms[fields][9]\" required=\"required\"><option value=\"\" class=\"placeholder\" disabled  selected='selected'>&#8212; Select Choice &#8212;<\/option><option value=\"Yhden s\u00e4ili\u00f6n vuokra, 125\u20ac\"  class=\"choice-1 depth-1\"  >Yhden s\u00e4ili\u00f6n vuokra, 125\u20ac<\/option><option value=\"Kahden s\u00e4ili\u00f6n vuokra, 250\u20ac\"  class=\"choice-2 depth-1\"  >Kahden s\u00e4ili\u00f6n vuokra, 250\u20ac<\/option><option value=\"Kolmen s\u00e4ili\u00f6n vuokra, 375\u20ac\"  class=\"choice-3 depth-1\"  >Kolmen s\u00e4ili\u00f6n vuokra, 375\u20ac<\/option><option value=\"Nelj\u00e4n s\u00e4ili\u00f6n vuokra, 500\u20ac\"  class=\"choice-4 depth-1\"  >Nelj\u00e4n s\u00e4ili\u00f6n vuokra, 500\u20ac<\/option><option value=\"Viiden s\u00e4ili\u00f6n vuokra, 625\u20ac\"  class=\"choice-5 depth-1\"  >Viiden s\u00e4ili\u00f6n vuokra, 625\u20ac<\/option><option value=\"Tehokas j\u00e4\u00e4tel\u00f6kone tapahtumiin\/Kysy tarjous!\"  class=\"choice-6 depth-1\"  >Tehokas j\u00e4\u00e4tel\u00f6kone tapahtumiin\/Kysy tarjous!<\/option><option value=\"Hattarakone, 90\u20ac\"  class=\"choice-7 depth-1\"  >Hattarakone, 90\u20ac<\/option><\/select><\/div><div id=\"wpforms-2338-field_10-container\" class=\"wpforms-field wpforms-field-select wpforms-field-select-style-classic\" data-field-id=\"10\"><label class=\"wpforms-field-label\" for=\"wpforms-2338-field_10\">Haluatko kuppeja ja vohveleita <span class=\"wpforms-required-label\" aria-hidden=\"true\">*<\/span><\/label><select id=\"wpforms-2338-field_10\" class=\"wpforms-field-medium wpforms-field-required\" name=\"wpforms[fields][10]\" required=\"required\"><option value=\"\" class=\"placeholder\" disabled  selected='selected'>&#8212; Select Choice &#8212;<\/option><option value=\"Vohvelit\"  class=\"choice-1 depth-1\"  >Vohvelit<\/option><option value=\"Kupit\"  class=\"choice-2 depth-1\"  >Kupit<\/option><option value=\"Molemmat\"  class=\"choice-3 depth-1\"  >Molemmat<\/option><\/select><\/div><div id=\"wpforms-2338-field_11-container\" class=\"wpforms-field wpforms-field-checkbox\" data-field-id=\"11\"><fieldset><legend class=\"wpforms-field-label\">J\u00e4\u00e4tel\u00f6n makuvalikoima &#8211; 1 S\u00e4ili\u00f6 = 1 Maku * <span class=\"wpforms-required-label\" aria-hidden=\"true\">*<\/span><\/legend><ul id=\"wpforms-2338-field_11\" class=\"wpforms-field-required\"><li class=\"choice-2 depth-1\"><input type=\"checkbox\" id=\"wpforms-2338-field_11_2\" name=\"wpforms[fields][11][]\" value=\"Vanilja (L,G)\" aria-errormessage=\"wpforms-2338-field_11_2-error\" required ><label class=\"wpforms-field-label-inline\" for=\"wpforms-2338-field_11_2\">Vanilja (L,G)<\/label><\/li><li class=\"choice-3 depth-1\"><input type=\"checkbox\" id=\"wpforms-2338-field_11_3\" name=\"wpforms[fields][11][]\" value=\"Suklaa(L,G)\" aria-errormessage=\"wpforms-2338-field_11_3-error\" required ><label class=\"wpforms-field-label-inline\" for=\"wpforms-2338-field_11_3\">Suklaa(L,G)<\/label><\/li><li class=\"choice-5 depth-1\"><input type=\"checkbox\" id=\"wpforms-2338-field_11_5\" name=\"wpforms[fields][11][]\" value=\"Mansikka(G)\" aria-errormessage=\"wpforms-2338-field_11_5-error\" required ><label class=\"wpforms-field-label-inline\" for=\"wpforms-2338-field_11_5\">Mansikka(G)<\/label><\/li><li class=\"choice-1 depth-1\"><input type=\"checkbox\" id=\"wpforms-2338-field_11_1\" name=\"wpforms[fields][11][]\" value=\"Vegan Vanilja (L,G,Vegan)\" aria-errormessage=\"wpforms-2338-field_11_1-error\" required ><label class=\"wpforms-field-label-inline\" for=\"wpforms-2338-field_11_1\">Vegan Vanilja (L,G,Vegan)<\/label><\/li><li class=\"choice-4 depth-1\"><input type=\"checkbox\" id=\"wpforms-2338-field_11_4\" name=\"wpforms[fields][11][]\" value=\"Suolainen kinuski(G)\" aria-errormessage=\"wpforms-2338-field_11_4-error\" required ><label class=\"wpforms-field-label-inline\" for=\"wpforms-2338-field_11_4\">Suolainen kinuski(G)<\/label><\/li><li class=\"choice-6 depth-1\"><input type=\"checkbox\" id=\"wpforms-2338-field_11_6\" name=\"wpforms[fields][11][]\" value=\"Purukumi sininen(G)\" aria-errormessage=\"wpforms-2338-field_11_6-error\" required ><label class=\"wpforms-field-label-inline\" for=\"wpforms-2338-field_11_6\">Purukumi sininen(G)<\/label><\/li><li class=\"choice-7 depth-1\"><input type=\"checkbox\" id=\"wpforms-2338-field_11_7\" name=\"wpforms[fields][11][]\" value=\"Purukumi pinkki(G)\" aria-errormessage=\"wpforms-2338-field_11_7-error\" required ><label class=\"wpforms-field-label-inline\" for=\"wpforms-2338-field_11_7\">Purukumi pinkki(G)<\/label><\/li><li class=\"choice-9 depth-1\"><input type=\"checkbox\" id=\"wpforms-2338-field_11_9\" name=\"wpforms[fields][11][]\" value=\"Kahvi-suklaa(G)\" aria-errormessage=\"wpforms-2338-field_11_9-error\" required ><label class=\"wpforms-field-label-inline\" for=\"wpforms-2338-field_11_9\">Kahvi-suklaa(G)<\/label><\/li><li class=\"choice-16 depth-1\"><input type=\"checkbox\" id=\"wpforms-2338-field_11_16\" name=\"wpforms[fields][11][]\" value=\"Pistaasi (L,G,Vegan)\" aria-errormessage=\"wpforms-2338-field_11_16-error\" required ><label class=\"wpforms-field-label-inline\" for=\"wpforms-2338-field_11_16\">Pistaasi (L,G,Vegan)<\/label><\/li><li class=\"choice-12 depth-1\"><input type=\"checkbox\" id=\"wpforms-2338-field_11_12\" name=\"wpforms[fields][11][]\" value=\"Vadelma (L,G,Vegan)\" aria-errormessage=\"wpforms-2338-field_11_12-error\" required ><label class=\"wpforms-field-label-inline\" for=\"wpforms-2338-field_11_12\">Vadelma (L,G,Vegan)<\/label><\/li><li class=\"choice-13 depth-1\"><input type=\"checkbox\" id=\"wpforms-2338-field_11_13\" name=\"wpforms[fields][11][]\" value=\"Mango (L,G,Vegan)\" aria-errormessage=\"wpforms-2338-field_11_13-error\" required ><label class=\"wpforms-field-label-inline\" for=\"wpforms-2338-field_11_13\">Mango (L,G,Vegan)<\/label><\/li><li class=\"choice-14 depth-1\"><input type=\"checkbox\" id=\"wpforms-2338-field_11_14\" name=\"wpforms[fields][11][]\" value=\"Kermainen Mango (G)\" aria-errormessage=\"wpforms-2338-field_11_14-error\" required ><label class=\"wpforms-field-label-inline\" for=\"wpforms-2338-field_11_14\">Kermainen Mango (G)<\/label><\/li><li class=\"choice-22 depth-1\"><input type=\"checkbox\" id=\"wpforms-2338-field_11_22\" name=\"wpforms[fields][11][]\" value=\"Vesimeloni(L,G,Vegan)\" aria-errormessage=\"wpforms-2338-field_11_22-error\" required ><label class=\"wpforms-field-label-inline\" for=\"wpforms-2338-field_11_22\">Vesimeloni(L,G,Vegan)<\/label><\/li><li class=\"choice-19 depth-1\"><input type=\"checkbox\" id=\"wpforms-2338-field_11_19\" name=\"wpforms[fields][11][]\" value=\"Apelsiini(L,G,Vegan)\" aria-errormessage=\"wpforms-2338-field_11_19-error\" required ><label class=\"wpforms-field-label-inline\" for=\"wpforms-2338-field_11_19\">Apelsiini(L,G,Vegan)<\/label><\/li><li class=\"choice-15 depth-1\"><input type=\"checkbox\" id=\"wpforms-2338-field_11_15\" name=\"wpforms[fields][11][]\" value=\"Omena (L,G,Vegan)\" aria-errormessage=\"wpforms-2338-field_11_15-error\" required ><label class=\"wpforms-field-label-inline\" for=\"wpforms-2338-field_11_15\">Omena (L,G,Vegan)<\/label><\/li><li class=\"choice-17 depth-1\"><input type=\"checkbox\" id=\"wpforms-2338-field_11_17\" name=\"wpforms[fields][11][]\" value=\"Mustikka(L,G,Vegan)\" aria-errormessage=\"wpforms-2338-field_11_17-error\" required ><label class=\"wpforms-field-label-inline\" for=\"wpforms-2338-field_11_17\">Mustikka(L,G,Vegan)<\/label><\/li><li class=\"choice-18 depth-1\"><input type=\"checkbox\" id=\"wpforms-2338-field_11_18\" name=\"wpforms[fields][11][]\" value=\"Sitruuna\/Limoncello(L,G,Vegan)\" aria-errormessage=\"wpforms-2338-field_11_18-error\" required ><label class=\"wpforms-field-label-inline\" for=\"wpforms-2338-field_11_18\">Sitruuna\/Limoncello(L,G,Vegan)<\/label><\/li><\/ul><\/fieldset><\/div><div id=\"wpforms-2338-field_12-container\" class=\"wpforms-field wpforms-field-textarea\" data-field-id=\"12\"><label class=\"wpforms-field-label\" for=\"wpforms-2338-field_12\">Lis\u00e4tiedot<\/label><textarea id=\"wpforms-2338-field_12\" class=\"wpforms-field-medium\" name=\"wpforms[fields][12]\" aria-errormessage=\"wpforms-2338-field_12-error\" ><\/textarea><\/div><div id=\"wpforms-2338-field_13-container\" class=\"wpforms-field wpforms-field-radio\" data-field-id=\"13\"><fieldset><legend class=\"wpforms-field-label\">Maksutapa <span class=\"wpforms-required-label\" aria-hidden=\"true\">*<\/span><\/legend><ul id=\"wpforms-2338-field_13\" class=\"wpforms-field-required\"><li class=\"choice-1 depth-1\"><input type=\"radio\" id=\"wpforms-2338-field_13_1\" name=\"wpforms[fields][13]\" value=\"Lasku\" aria-errormessage=\"wpforms-2338-field_13_1-error\" required ><label class=\"wpforms-field-label-inline\" for=\"wpforms-2338-field_13_1\">Lasku<\/label><\/li><li class=\"choice-2 depth-1\"><input type=\"radio\" id=\"wpforms-2338-field_13_2\" name=\"wpforms[fields][13]\" value=\"Mobilepay\" aria-errormessage=\"wpforms-2338-field_13_2-error\" required ><label class=\"wpforms-field-label-inline\" for=\"wpforms-2338-field_13_2\">Mobilepay<\/label><\/li><li class=\"choice-3 depth-1\"><input type=\"radio\" id=\"wpforms-2338-field_13_3\" name=\"wpforms[fields][13]\" value=\"K\u00e4teinen\" aria-errormessage=\"wpforms-2338-field_13_3-error\" required ><label class=\"wpforms-field-label-inline\" for=\"wpforms-2338-field_13_3\">K\u00e4teinen<\/label><\/li><\/ul><\/fieldset><\/div><div id=\"wpforms-2338-field_14-container\" class=\"wpforms-field wpforms-field-textarea\" data-field-id=\"14\"><label class=\"wpforms-field-label\" for=\"wpforms-2338-field_14\">HETU tai Y-Tunnus<\/label><textarea id=\"wpforms-2338-field_14\" class=\"wpforms-field-medium\" name=\"wpforms[fields][14]\" aria-errormessage=\"wpforms-2338-field_14-error\" ><\/textarea><\/div><div id=\"wpforms-2338-field_16-container\" class=\"wpforms-field wpforms-field-checkbox\" data-field-id=\"16\"><fieldset><legend class=\"wpforms-field-label wpforms-label-hide\" aria-hidden=\"false\">Hyv\u00e4ksyn vuokrausehdot <span class=\"wpforms-required-label\" aria-hidden=\"true\">*<\/span><\/legend><ul id=\"wpforms-2338-field_16\" class=\"wpforms-field-required\"><li class=\"choice-1 depth-1\"><input type=\"checkbox\" id=\"wpforms-2338-field_16_1\" name=\"wpforms[fields][16][]\" value=\"Hyv\u00e4ksyn vuokrausehdot\" aria-errormessage=\"wpforms-2338-field_16_1-error\" aria-describedby=\"wpforms-2338-field_16-description\" required ><label class=\"wpforms-field-label-inline\" for=\"wpforms-2338-field_16_1\">Hyv\u00e4ksyn vuokrausehdot <span class=\"wpforms-required-label\">*<\/span><\/label><\/li><\/ul><div id=\"wpforms-2338-field_16-description\" class=\"wpforms-field-description wpforms-disclaimer-description\">Pehmea OY \u2013 Vuokrausehdot<br \/>\n<br \/>\nVoimassa alkaen 01.01.2022<br \/>\n<br \/>\nL\u00e4hett\u00e4m\u00e4ll\u00e4 vuokrauslomakkeen hyv\u00e4ksyt automaattisesti seuraavat ehdot. Vuokrauslomake toimii sopimuksena Pehmea OY:n ja Vuokralaisen v\u00e4lill\u00e4.<br \/>\n<br \/>\n1. M\u00e4\u00e4ritelm\u00e4t<br \/>\n<br \/>\nVuokranantaja: Pehmea OY<br \/>\nVuokralainen: Henkil\u00f6, jonka kanssa sopimus on tehty vuokrauslomakkeen kautta<br \/>\nLaite: Vuokrattava j\u00e4\u00e4tel\u00f6kone<br \/>\nVuokra-aika: Ajanjakso laitteen luovutuksesta palautukseen<br \/>\nVuokrap\u00e4iv\u00e4: Yksi kalenterip\u00e4iv\u00e4 vuokra-ajalta tai sovitu erikseen aika<br \/>\nSopimus: Vuokrauslomake, joka toimii virallisena sopimuksena<br \/>\n<br \/>\n2. Vuokralaisen vakuudet<br \/>\n<br \/>\nVuokralaisella on oikeus tehd\u00e4 sopimus ja k\u00e4ytt\u00e4\u00e4 laitetta<br \/>\nVuokralainen on saanut tiedot laitteen ominaisuuksista, hinnasta ja k\u00e4ytt\u00f6ohjeista<br \/>\nVuokralainen hyv\u00e4ksyy, ett\u00e4 mahdollinen maksuh\u00e4iri\u00f6 voidaan raportoida kolmansille osapuolille<br \/>\n<br \/>\n3. Sopimuksen solmiminen ja voimassaolo<br \/>\n<br \/>\nSopimus syntyy, kun se on allekirjoitettu, ja on voimassa koko vuokra-ajan<br \/>\nVuokrasuhde alkaa vuokra-ajan alkaessa ja p\u00e4\u00e4ttyy laitteen palautukseen<br \/>\nVuokrap\u00e4iv\u00e4 alkaa aamulla ja p\u00e4\u00e4ttyy illalla, ellei toisin sovita<br \/>\n<br \/>\n4. Laitteiden luovutus ja palautus<br \/>\n<br \/>\nLaite katsotaan luovutetuksi allekirjoituksen yhteydess\u00e4<br \/>\nLaite palautetaan samaan paikkaan vuokra-ajan lopussa<br \/>\nVuokralaisen tulee tarkistaa laitteen m\u00e4\u00e4r\u00e4 ja kunto v\u00e4litt\u00f6m\u00e4sti<br \/>\nLaitteen tulee olla palautettaessa samassa kunnossa kuin saapuessa (normaali kuluminen sallittu)<br \/>\nLaite puhdistetaan Vuokranantajan toimesta<br \/>\nJos laite ei ole palautettaessa asianmukainen, Vuokranantajalla on oikeus peri\u00e4 sopimussakko (40 % laitteen arvosta)<br \/>\nJos laite katoaa tai palautuu my\u00f6h\u00e4ss\u00e4, Vuokralainen vastaa kaikista etsint\u00e4-, kuljetus- ja puhdistuskustannuksista<br \/>\n<br \/>\n5. Vuokrahinta<br \/>\n<br \/>\nVuokrasopimuksessa ilmoitettu hinta maksetaan k\u00e4teisell\u00e4 tai tilisiirrolla<br \/>\nViiv\u00e4stystapauksessa Vuokranantajalla on oikeus peri\u00e4 viiv\u00e4styskorko ja ryhty\u00e4 perint\u00e4toimenpiteisiin<br \/>\n<br \/>\n6. Vastuut<br \/>\n<br \/>\nVuokralainen vastaa laitteen k\u00e4yt\u00f6st\u00e4 ja vahingoista, lukuun ottamatta normaalia kulumista<br \/>\nVuokralainen vastaa kaikista korjaus- ja huoltokustannuksista virheellisen k\u00e4yt\u00f6n vuoksi<br \/>\nVuokranantaja ei vastaa vahingoista tai menetyksist\u00e4, jotka johtuvat laitteen k\u00e4yt\u00f6st\u00e4<br \/>\n<br \/>\n6. Laki ja riitojen ratkaisu<br \/>\n<br \/>\nSopimukseen sovelletaan Suomen lakia<br \/>\nRiidat pyrit\u00e4\u00e4n ratkaisemaan neuvotteluin, muuten Helsingin k\u00e4r\u00e4j\u00e4oikeus<br \/>\n<br \/>\n7. Muut ehdot<br \/>\n<br \/>\nVuokranantaja voi muuttaa ehtoja ilmoittamalla 30 p\u00e4iv\u00e4\u00e4 ennen muutoksen voimaantuloa<br \/>\nVuokralainen sitoutuu noudattamaan n\u00e4it\u00e4 ehtoja koko vuokra-ajan<\/div><\/fieldset><\/div><script>\n\t\t\t\t( function() {\n\t\t\t\t\tconst style = document.createElement( 'style' );\n\t\t\t\t\tstyle.appendChild( document.createTextNode( '#wpforms-2338-field_1-container { position: absolute !important; overflow: hidden !important; display: inline !important; height: 1px !important; width: 1px !important; z-index: -1000 !important; padding: 0 !important; } #wpforms-2338-field_1-container input { visibility: hidden; } #wpforms-conversational-form-page #wpforms-2338-field_1-container label { counter-increment: none; }' ) );\n\t\t\t\t\tdocument.head.appendChild( style );\n\t\t\t\t\tdocument.currentScript?.remove();\n\t\t\t\t} )();\n\t\t\t<\/script><\/div><!-- .wpforms-field-container --><div class=\"wpforms-submit-container\" ><input type=\"hidden\" name=\"wpforms[id]\" value=\"2338\"><input type=\"hidden\" name=\"page_title\" value=\"\"><input type=\"hidden\" name=\"page_url\" value=\"https:\/\/www.pehmea.fi\/en\/wp-json\/wp\/v2\/pages\/59\"><input type=\"hidden\" name=\"url_referer\" value=\"\"><button type=\"submit\" name=\"wpforms[submit]\" id=\"wpforms-submit-2338\" class=\"wpforms-submit\" data-alt-text=\"Sending...\" data-submit-text=\"L\u00e4het\u00e4\" aria-live=\"assertive\" value=\"wpforms-submit\">L\u00e4het\u00e4<\/button><img loading=\"lazy\" decoding=\"async\" src=\"https:\/\/www.pehmea.fi\/wp-content\/plugins\/wpforms-lite\/assets\/images\/submit-spin.svg\" class=\"wpforms-submit-spinner\" style=\"display: none;\" width=\"26\" height=\"26\" alt=\"Loading\"><\/div><\/form><\/div>  <!-- .wpforms-container -->\n\n\n<p class=\"has-text-align-center\"><\/p>\n<\/div>\n<\/div>\n<\/div>\n","protected":false},"excerpt":{"rendered":"<p>Book a soft-serve ice cream machine easily and effortlessly<\/p>","protected":false},"author":1,"featured_media":0,"parent":0,"menu_order":0,"comment_status":"closed","ping_status":"closed","template":"page-with-title","meta":{"_monsterinsights_skip_tracking":false,"_monsterinsights_sitenote_active":false,"_monsterinsights_sitenote_note":"","_monsterinsights_sitenote_category":0,"footnotes":""},"class_list":["post-59","page","type-page","status-publish","hentry"],"aioseo_notices":[],"_links":{"self":[{"href":"https:\/\/www.pehmea.fi\/en\/wp-json\/wp\/v2\/pages\/59","targetHints":{"allow":["GET"]}}],"collection":[{"href":"https:\/\/www.pehmea.fi\/en\/wp-json\/wp\/v2\/pages"}],"about":[{"href":"https:\/\/www.pehmea.fi\/en\/wp-json\/wp\/v2\/types\/page"}],"author":[{"embeddable":true,"href":"https:\/\/www.pehmea.fi\/en\/wp-json\/wp\/v2\/users\/1"}],"replies":[{"embeddable":true,"href":"https:\/\/www.pehmea.fi\/en\/wp-json\/wp\/v2\/comments?post=59"}],"version-history":[{"count":7,"href":"https:\/\/www.pehmea.fi\/en\/wp-json\/wp\/v2\/pages\/59\/revisions"}],"predecessor-version":[{"id":2431,"href":"https:\/\/www.pehmea.fi\/en\/wp-json\/wp\/v2\/pages\/59\/revisions\/2431"}],"wp:attachment":[{"href":"https:\/\/www.pehmea.fi\/en\/wp-json\/wp\/v2\/media?parent=59"}],"curies":[{"name":"wp","href":"https:\/\/api.w.org\/{rel}","templated":true}]}}