{"id":57,"date":"2026-01-22T14:22:51","date_gmt":"2026-01-22T12:22:51","guid":{"rendered":"https:\/\/www.pehmea.fi\/tietoa-meista\/"},"modified":"2026-03-16T09:28:35","modified_gmt":"2026-03-16T07:28:35","slug":"tietoa-meista","status":"publish","type":"page","link":"https:\/\/www.pehmea.fi\/en\/tietoa-meista\/","title":{"rendered":"About us"},"content":{"rendered":"<div class=\"wp-block-group alignfull is-style-ext-preset--group--natural-1--section has-background-background-color has-background has-global-padding is-layout-constrained wp-block-group-is-layout-constrained\" id=\"tietoa\" style=\"margin-top:0;margin-bottom:0;padding-top:var(--wp--preset--spacing--70);padding-bottom:var(--wp--preset--spacing--70)\">\n<div class=\"wp-block-columns alignwide are-vertically-aligned-center is-layout-flex wp-container-core-columns-is-layout-174606dc wp-block-columns-is-layout-flex\">\n<div class=\"wp-block-column is-vertically-aligned-center is-layout-flow wp-block-column-is-layout-flow\">\n<figure class=\"wp-block-image size-large is-style-ext-preset--image--natural-1--image-1--content-right is-style-ext-preset--image--natural-1--image-1--content-right--2\"><img loading=\"lazy\" decoding=\"async\" width=\"673\" height=\"1024\" src=\"https:\/\/www.pehmea.fi\/wp-content\/uploads\/2026\/01\/278768053_249352024013115_2754554357046246437_n-673x1024.jpg\" alt=\"\" class=\"wp-image-2414\" style=\"aspect-ratio:1;object-fit:cover\" srcset=\"https:\/\/www.pehmea.fi\/wp-content\/uploads\/2026\/01\/278768053_249352024013115_2754554357046246437_n-673x1024.jpg 673w, https:\/\/www.pehmea.fi\/wp-content\/uploads\/2026\/01\/278768053_249352024013115_2754554357046246437_n-197x300.jpg 197w, https:\/\/www.pehmea.fi\/wp-content\/uploads\/2026\/01\/278768053_249352024013115_2754554357046246437_n-768x1168.jpg 768w, https:\/\/www.pehmea.fi\/wp-content\/uploads\/2026\/01\/278768053_249352024013115_2754554357046246437_n-1010x1536.jpg 1010w, https:\/\/www.pehmea.fi\/wp-content\/uploads\/2026\/01\/278768053_249352024013115_2754554357046246437_n-8x12.jpg 8w, https:\/\/www.pehmea.fi\/wp-content\/uploads\/2026\/01\/278768053_249352024013115_2754554357046246437_n.jpg 1052w\" sizes=\"auto, (max-width: 673px) 100vw, 673px\" \/><\/figure>\n<\/div>\n\n\n\n<div class=\"wp-block-column is-vertically-aligned-center is-layout-flow wp-block-column-is-layout-flow\">\n<div class=\"wp-block-group alignwide is-vertical is-layout-flex wp-container-core-group-is-layout-c35747d5 wp-block-group-is-layout-flex\">\n<div class=\"wp-block-group has-global-padding is-layout-constrained wp-container-core-group-is-layout-dd32767c wp-block-group-is-layout-constrained\">\n<h2 class=\"wp-block-heading\">We are Finland\u2019s largest ice cream machine rental company.<\/h2>\n\n\n\n<p>We bring delicious experiences to your events in the form of soft serve ice cream! <br>We rent soft ice cream machines for small home parties as well as large events, such as trade fairs, festivals and corporate events. We also offer convenient rental packages for offices that bring joy and excitement to your workday.<br>Our delicious ice cream mixes come directly from Estonia and Italy, ensuring that the taste experience is always top-notch. The soft serve ice cream machine is a fun and tasty program item that will delight both children and adults.<br>At Pehmea.fi, we make events delicious, fun and memorable!<\/p>\n<\/div>\n<\/div>\n<\/div>\n<\/div>\n\n\n\n<p><\/p>\n<\/div>\n\n\n\n<div class=\"wp-block-group alignfull is-style-ext-preset--group--natural-1--section has-tertiary-background-color has-background has-global-padding is-layout-constrained wp-container-core-group-is-layout-7276a2bb wp-block-group-is-layout-constrained\" style=\"margin-top:0;margin-bottom:0;padding-top:var(--wp--preset--spacing--60);padding-right:var(--wp--preset--spacing--30);padding-bottom:var(--wp--preset--spacing--60);padding-left:var(--wp--preset--spacing--30)\">\n<h2 class=\"wp-block-heading has-text-align-center\">Our team<\/h2>\n\n\n\n<div class=\"wp-block-columns alignwide are-vertically-aligned-center is-layout-flex wp-container-core-columns-is-layout-47c06fe3 wp-block-columns-is-layout-flex\">\n<div class=\"wp-block-column is-vertically-aligned-center is-layout-flow wp-container-core-column-is-layout-f5bb311e wp-block-column-is-layout-flow\" style=\"flex-basis:50%\">\n<figure class=\"wp-block-image alignright size-full is-resized is-style-ext-preset--image--natural-1--image-1--content-bottom is-style-ext-preset--image--natural-1--image-1--content-bottom--4\"><img loading=\"lazy\" decoding=\"async\" width=\"1024\" height=\"768\" src=\"https:\/\/www.pehmea.fi\/wp-content\/uploads\/2026\/01\/janeli.jpg\" alt=\"\" class=\"wp-image-2325\" style=\"aspect-ratio:1;object-fit:cover;width:332px;height:auto\" srcset=\"https:\/\/www.pehmea.fi\/wp-content\/uploads\/2026\/01\/janeli.jpg 1024w, https:\/\/www.pehmea.fi\/wp-content\/uploads\/2026\/01\/janeli-300x225.jpg 300w, https:\/\/www.pehmea.fi\/wp-content\/uploads\/2026\/01\/janeli-768x576.jpg 768w\" sizes=\"auto, (max-width: 1024px) 100vw, 1024px\" \/><\/figure>\n<\/div>\n\n\n\n<div class=\"wp-block-column is-vertically-aligned-center is-layout-flow wp-block-column-is-layout-flow\" style=\"flex-basis:60%\">\n<h1 class=\"wp-block-heading has-large-font-size\"><strong>Janeli Varimaa<\/strong><br>Managing director<\/h1>\n\n\n\n<p><strong>Pehmea OY<br><\/strong>3264855-7<br>(+358) 40 168 7411<br>info@pehmea.fi<\/p>\n<\/div>\n<\/div>\n<\/div>","protected":false},"excerpt":{"rendered":"<p>Me olemme Suomen suurin j\u00e4\u00e4tel\u00f6koneiden vuokrausyritys Tuomme tapahtumiisi herkullisia el\u00e4myksi\u00e4 pehme\u00e4n j\u00e4\u00e4tel\u00f6n muodossa! Vuokraamme pehmytj\u00e4\u00e4tel\u00f6koneita niin pieniin kotijuhliin kuin suuriin tapahtumiin, kuten messuille, festivaaleille ja yritystapahtumiin. Tarjoamme my\u00f6s k\u00e4tev\u00e4t vuokrapaketit toimistoihin, jotka tuovat iloa ja piristyst\u00e4 ty\u00f6p\u00e4iviin.Herkulliset j\u00e4\u00e4tel\u00f6seoksemme tulevat suoraan Virosta ja Italiasta, varmistaen, ett\u00e4 makuel\u00e4mys on aina huipputasoa. Pehmytj\u00e4\u00e4tel\u00f6kone on hauska ja maukas ohjelmanumero, [&hellip;]<\/p>\n","protected":false},"author":1,"featured_media":0,"parent":0,"menu_order":0,"comment_status":"closed","ping_status":"closed","template":"page-with-title","meta":{"_monsterinsights_skip_tracking":false,"_monsterinsights_sitenote_active":false,"_monsterinsights_sitenote_note":"","_monsterinsights_sitenote_category":0,"footnotes":""},"class_list":["post-57","page","type-page","status-publish","hentry"],"aioseo_notices":[],"_links":{"self":[{"href":"https:\/\/www.pehmea.fi\/en\/wp-json\/wp\/v2\/pages\/57","targetHints":{"allow":["GET"]}}],"collection":[{"href":"https:\/\/www.pehmea.fi\/en\/wp-json\/wp\/v2\/pages"}],"about":[{"href":"https:\/\/www.pehmea.fi\/en\/wp-json\/wp\/v2\/types\/page"}],"author":[{"embeddable":true,"href":"https:\/\/www.pehmea.fi\/en\/wp-json\/wp\/v2\/users\/1"}],"replies":[{"embeddable":true,"href":"https:\/\/www.pehmea.fi\/en\/wp-json\/wp\/v2\/comments?post=57"}],"version-history":[{"count":7,"href":"https:\/\/www.pehmea.fi\/en\/wp-json\/wp\/v2\/pages\/57\/revisions"}],"predecessor-version":[{"id":2462,"href":"https:\/\/www.pehmea.fi\/en\/wp-json\/wp\/v2\/pages\/57\/revisions\/2462"}],"wp:attachment":[{"href":"https:\/\/www.pehmea.fi\/en\/wp-json\/wp\/v2\/media?parent=57"}],"curies":[{"name":"wp","href":"https:\/\/api.w.org\/{rel}","templated":true}]}}