{"id":2319,"date":"2024-07-04T13:33:23","date_gmt":"2024-07-04T10:33:23","guid":{"rendered":"https:\/\/www.pehmea.fi\/?page_id=2319"},"modified":"2024-07-04T13:33:23","modified_gmt":"2024-07-04T10:33:23","slug":"ehdot","status":"publish","type":"page","link":"https:\/\/www.pehmea.fi\/en\/ehdot\/","title":{"rendered":"Ehdot"},"content":{"rendered":"<style>\/*! elementor - v3.8.1 - 13-11-2022 *\/\n.elementor-widget-image{text-align:center}.elementor-widget-image a{display:inline-block}.elementor-widget-image a img[src$=\".svg\"]{width:48px}.elementor-widget-image img{vertical-align:middle;display:inline-block}<\/style>\n<p>\t\t\t\t\t\t\t\t\t\t\t\t\t<a href=\"https:\/\/www.pehmea.fi\/\"><br \/>\n\t\t\t\t\t\t\t<img decoding=\"async\" width=\"115\" height=\"109\" src=\"https:\/\/www.pehmea.fi\/wp-content\/uploads\/2022\/05\/default-logo.png\" alt=\"\" loading=\"lazy\" srcset=\"https:\/\/www.pehmea.fi\/wp-content\/uploads\/2022\/05\/default-logo.png 115w, https:\/\/www.pehmea.fi\/wp-content\/uploads\/2022\/05\/default-logo-63x60.png 63w\" sizes=\"auto, (max-width: 115px) 100vw, 115px\" \/>\t\t\t\t\t\t\t\t<\/a><\/p>\n<style>\/*! elementor - v3.8.1 - 13-11-2022 *\/\n.elementor-column .elementor-spacer-inner{height:var(--spacer-size)}.e-con{--container-widget-width:100%}.e-con-inner>.elementor-widget-spacer,.e-con>.elementor-widget-spacer{width:var(--container-widget-width,var(--spacer-size));-ms-flex-item-align:stretch;align-self:stretch;-ms-flex-negative:0;flex-shrink:0}.e-con-inner>.elementor-widget-spacer>.elementor-widget-container,.e-con-inner>.elementor-widget-spacer>.elementor-widget-container>.elementor-spacer,.e-con>.elementor-widget-spacer>.elementor-widget-container,.e-con>.elementor-widget-spacer>.elementor-widget-container>.elementor-spacer{height:100%}.e-con-inner>.elementor-widget-spacer>.elementor-widget-container>.elementor-spacer>.elementor-spacer-inner,.e-con>.elementor-widget-spacer>.elementor-widget-container>.elementor-spacer>.elementor-spacer-inner{height:var(--container-widget-height,var(--spacer-size))}<\/style>\n<style>\/*! elementor - v3.8.1 - 13-11-2022 *\/\n.elementor-heading-title{padding:0;margin:0;line-height:1}.elementor-widget-heading .elementor-heading-title[class*=elementor-size-]>a{color:inherit;font-size:inherit;line-height:inherit}.elementor-widget-heading .elementor-heading-title.elementor-size-small{font-size:15px}.elementor-widget-heading .elementor-heading-title.elementor-size-medium{font-size:19px}.elementor-widget-heading .elementor-heading-title.elementor-size-large{font-size:29px}.elementor-widget-heading .elementor-heading-title.elementor-size-xl{font-size:39px}.elementor-widget-heading .elementor-heading-title.elementor-size-xxl{font-size:59px}<\/style>\n<h2>Vuokrausehdot<\/h2>\n<h1><strong>Pehmea OY vuokrausehdot Voimassa alkaen 01.01.2022 L\u00e4hett\u00e4m\u00e4ll\u00e4 kyselyn Laitteen vuokraamisesta hyv\u00e4ksyt automaattisesti Pehmea OY palveluun liittyv\u00e4t vuokrausehdot.<\/strong><\/h1>\n<h1><strong>M\u00c4\u00c4RITELM\u00c4T 1.1. Vuokranantaja \u2013 Pehmea OY;<\/strong><\/h1>\n<h1><strong>1.2. Vuokralainen \u2013 henkil\u00f6, jonka kanssa Vuokranantaja on solminut Sopimuksen;<\/strong><\/h1>\n<h1><strong>1.3. Vuokra-aika \u2013 aikajakso Vuokranantajan Laitteen luovuttamisesta Vuokralaiselle Laitteen asianmukaiseen palauttamiseen Vuokralaisen toimesta;<\/strong><\/h1>\n<h1><strong>1.4. Vuokrap\u00e4iv\u00e4 \u2013 Vuokra-ajan yksi kalenterip\u00e4iv\u00e4;<\/strong><\/h1>\n<h1><strong>1.5. Vuokrahinta \u2013 Laitteen vuokraamisesta Vuokranantajalle maksettava hinta, joka lasketaan yhden Vuokrap\u00e4iv\u00e4n perusteella;<\/strong><\/h1>\n<h1><strong>1.6. Osapuoli \u2013 Vuokranantaja tai Vuokralainen;<\/strong><\/h1>\n<h1><strong>1.7. Sopimus \u2013 Osapuolten v\u00e4linen laitevuokrasopimus (Laitteen luovutusasiakirja), jossa on kirjattu vuokrattavat Laitteet, Vuokrahinta ja muut erityisehdot;<\/strong><\/h1>\n<h1><strong>1.8. Laite \u2013 Sopimuksen perusteella vuokrattava j\u00e4\u00e4tel\u00f6kone, jonka luettelo on kirjattu Sopimuksessa;<\/strong><\/h1>\n<h1><strong>1.9. Yleiset ehdot \u2013 Vuokranantajan verkkosivustolla esitetyt Laitteiden vuokrauksen yleiset ehdot, jotka koskevat kaikkia Vuokranantajan solmimia laitevuokrasopimuksia siin\u00e4 m\u00e4\u00e4rin, kuin Osapuolet eiv\u00e4t ole sopineet muussa vuokrasuhteeseen liittyv\u00e4ss\u00e4 asiakirjassa;<\/strong><\/h1>\n<h1><strong>1.10. Kohde \u2013 Laitteen k\u00e4ytt\u00f6kohde.<\/strong><\/h1>\n<h1><strong>VUOKRALAISELLE ANNETTAVAT VAKUUDET 2.1. Sopimuksen solmimisen my\u00f6t\u00e4 Vuokralainen antaa Vuokranantajalle seuraavat vakuudet:<\/strong><\/h1>\n<h1><strong>2.1.1. Vuokralaisella ja h\u00e4nen nimiss\u00e4\u00e4n toimivalla henkil\u00f6ll\u00e4 on kaikki oikeudet Laitteiden osalta Sopimuksen solmimiseen, eik\u00e4 Vuokralaisella ole tiedossa mit\u00e4\u00e4n seikkaa, joka voisi est\u00e4\u00e4 tai tehd\u00e4 mahdottomaksi Vuokralaisen kaikkien Sopimuksesta johtuvien velvollisuuksien asianmukaisen t\u00e4ytt\u00e4misen;<\/strong><\/h1>\n<h1><strong>2.1.2. Vuokralainen on tutustunut ja Vuokranantaja on riitt\u00e4v\u00e4sti tiedottanut ja opastanut h\u00e4nt\u00e4 seuraavista: vuokrattavien Laitteiden ominaisuudet, vuokrahinta, tekninen kunto, Laitteiden k\u00e4ytt\u00f6ohjeet ja -s\u00e4\u00e4nn\u00f6t, mukaan lukien turvallisuusvaatimukset; Vuokralainen on saanut Vuokranantajalta tyhjent\u00e4v\u00e4t vastaukset kaikkiin Laitteiden k\u00e4ytt\u00f6\u00e4 ja ominaisuuksia koskeviin kysymyksiin;<\/strong><\/h1>\n<h1><strong>2.1.3. Vuokralaisella on kaikki Laitteen k\u00e4ytt\u00f6\u00f6n tarvittavat ja vaadittavat taidot;<\/strong><\/h1>\n<h1><strong>2.1.4. Vuokralainen hyv\u00e4ksyy velan syntymisen tapauksessa sit\u00e4 koskevan tiedon julkaisemisen julkisissa maksuh\u00e4iri\u00f6rekistereiss\u00e4 ja kolmansille osapuolille.<\/strong><\/h1>\n<h1><strong>SOPIMUKSEN SOLMIMINEN JA VOIMASSAOLO 3.1. Sopimus katsotaan solmituksi siit\u00e4 hetkest\u00e4, kun Sopimus on allekirjoitettu, ja se on voimassa koko Vuokra-ajan.<\/strong><\/h1>\n<h1><strong>3.2. Vuokrasuhde alkaa Vuokra-ajan alkaessa ja p\u00e4\u00e4ttyy, kun Laite on asianmukaisesti palautettu Vuokranantajan haltuun.<\/strong><\/h1>\n<h1><strong>3.3. Vuokra-ajaksi katsotaan automaattisesti yksi Vuokrap\u00e4iv\u00e4. Vuokrap\u00e4iv\u00e4 alkaa Vuokra-ajan alkamisp\u00e4iv\u00e4n aamulla ja p\u00e4\u00e4ttyy saman p\u00e4iv\u00e4n illalla, elleiv\u00e4t Osapuolet ole toisin sopineet.<\/strong><\/h1>\n<ol>\n<li style=\"font-weight: 400;\" aria-level=\"1\">\n<h1><strong>LAITTEIDEN LUOVUTUS JA PALAUTUS 4.1. Laite katsotaan Vuokralaisen k\u00e4ytt\u00f6\u00f6n luovutetuksi Sopimuksen solmimisen tai muun asiaa koskevan kirjallisen asiakirjan allekirjoittamisen yhteydess\u00e4. Laite tulee palauttaa Vuokra-ajan lopussa samaan paikkaan, josta se luovutettiin Vuokralaiselle. Vuokralainen voi palauttaa Laitteen Vuokra-ajan p\u00e4\u00e4ttymisp\u00e4iv\u00e4n\u00e4 vapaasti valitsemaansa aikaan, mutta ei my\u00f6hemmin kuin viimeisen Vuokrap\u00e4iv\u00e4n klo 21:00 menness\u00e4. Laitteiden luovutus ja palautus Sopimuksessa mainitusta poikkeavalla tavalla on mahdollista vain Osapuolten etuk\u00e4teen sopimalla tavalla.<\/strong><\/h1>\n<\/li>\n<\/ol>\n<h1><strong>4.2. Laitteiden vastaanoton yhteydess\u00e4 tai sen j\u00e4lkeen Vuokralaisen on v\u00e4litt\u00f6m\u00e4sti tarkistettava Laitteiden m\u00e4\u00e4r\u00e4, laatu ja tekninen kunto sek\u00e4 ilmoitettava Vuokranantajalle viipym\u00e4tt\u00e4 kirjallisesti s\u00e4hk\u00f6postitse tai puhelimitse tekstiviestill\u00e4 kaikista havaitsemistaan puutteista ja reklamaatioista Laitteiden osalta. Vuokrap\u00e4iv\u00e4n kuluttua katsotaan, ett\u00e4 Laitteet vastaavat Sopimuksessa mainittua m\u00e4\u00e4r\u00e4\u00e4, eik\u00e4 Vuokralaisella ole reklamaatioita Laitteiden laadun tai teknisen kunnon osalta (lukuun ottamatta mahdollisia piilevi\u00e4 vikoja, joita ei ole huolellisessa tarkastuksessa ollut mahdollista havaita kyseisen\u00e4 aikana).<\/strong><\/h1>\n<h1><strong>4.3. Laitteen tulee palautettaessa olla samassa teknisess\u00e4 kunnossa, jossa Vuokralainen sai Laitteen, ottaen huomioon normaalin kulumisen. Laite tulee palauttaa ulkopuolelta puhdistettuna. Laitteen sis\u00e4osien peseminen tai puhdistaminen Vuokralaisen toimesta ei ole sallittua, vaan sen tekee Vuokranantaja tarkoitukseen varatuilla erikoispuhdistusaineilla. Jos Laite ei ole palautettaessa asianmukaisesti ulkopuolelta puhdistettu tai pakattu pakkausohjeiden mukaisesti, on Vuokranantajalla oikeus vaatia Vuokralaiselta sopimussakkoa, joka on 15 % Laitteen arvosta.<\/strong><\/h1>\n<h1><strong>4.4. Laite katsotaan palautetuksi Vuokranantajan haltuun asiaa koskevan kirjallisen merkinn\u00e4n tekemisell\u00e4 Sopimukseen tai erillisen Laitteen palautusasiakirjan perusteella, jonka allekirjoittavat Osapuolten edustajat. Jos Laitteet palautetaan useassa er\u00e4ss\u00e4, katsotaan Laitteet palautetuksi asianmukaisesti viimeisen Laitteen palauttamisen j\u00e4lkeen Vuokranantajalle. Jos Laitteiden m\u00e4\u00e4r\u00e4, laatu tai tekninen kunto ei vastaa palautettaessa Sopimuksen ehtoja, Vuokranantaja toimittaa Vuokralaiselle siit\u00e4 ilmoituksen kirjallisessa muodossa viiden (5) ty\u00f6p\u00e4iv\u00e4n kuluessa Laitteen palautuksesta.<\/strong><\/h1>\n<h1><strong>4.5. Jos Vuokranantaja toteaa Laitteen palautuksessa tai sen j\u00e4lkeen, ett\u00e4 Laite on k\u00e4ytt\u00f6kelvoton tai Laitteen arvo on merkitt\u00e4v\u00e4sti alentunut Vuokralaisen vastuulla olevan seikan vuoksi, on Vuokranantajalla oikeus omalla valinnallaan joko kielt\u00e4yty\u00e4 vastaanottamasta Laitetta ja vaatia Vuokralaiselta korvausta uuden Laitteen v\u00e4hitt\u00e4ismyyntihintaa vastaavalla summalla tai ottaa Laite vastaan ja vaatia Vuokralaiselta kaikkien Laitteen korjaukseen liittyvien kustannusten korvaamista.<\/strong><\/h1>\n<h1><strong>4.6. Laite katsotaan kadonneeksi, jos Laitetta ei ole palautettu Vuokranantajalle kahden (2) kalenterip\u00e4iv\u00e4n kuluessa Vuokra-ajan p\u00e4\u00e4ttymisest\u00e4 eik\u00e4 Vuokranantaja ole onnistunut selvitt\u00e4m\u00e4\u00e4n Laitteen sijaintia.<\/strong><\/h1>\n<h1><strong>4.7. Jos Vuokralainen ei palauta Laitetta Sopimuksen p\u00e4\u00e4ttyess\u00e4 m\u00e4\u00e4r\u00e4ajassa, on Vuokranantajalla oikeus ryhty\u00e4 toimenpiteisiin, mukaan lukien oma-apu, Laitteen palauttamiseksi haltuunsa.<\/strong><\/h1>\n<h1><strong>4.8. Jos Vuokralainen ei ole palauttanut Laitteita yhden (1) kalenterip\u00e4iv\u00e4n kuluessa Sopimuksen p\u00e4\u00e4ttymisest\u00e4, on Vuokranantajalla oikeus j\u00e4rjest\u00e4\u00e4 Laitteiden kuljetus takaisin Vuokranantajalle. T\u00e4ll\u00f6in Vuokralainen vastaa kokonaisuudessaan Laitteen etsimis-, kuljetus- ja puhdistuskustannuksista.<\/strong><\/h1>\n<h1><strong>4.9. Kaikki Laitteiden luovutukseen ja vastaanottoon liittyv\u00e4t ilmoitukset on toimitettava toiselle Osapuolelle kirjallisessa muodossa.<\/strong><\/h1>\n<ol>\n<li style=\"font-weight: 400;\" aria-level=\"1\">\n<h1><strong>VUOKRAHINTA 5.1. Vuokranantajan ja Vuokralaisen v\u00e4lill\u00e4 solmitussa Sopimuksessa on kirjattu Vuokrahinta.<\/strong><\/h1>\n<\/li>\n<\/ol>\n<h1><strong>5.2. Vuokrahinta maksetaan k\u00e4teisell\u00e4 tai tilisiirtona Vuokranantajan ilmoittamalle tilille.<\/strong><\/h1>\n<h1><strong>5.3. Jos Vuokralainen laiminly\u00f6 Vuokrahinnan maksamisen m\u00e4\u00e4r\u00e4aikaan menness\u00e4, on Vuokranantajalla oikeus ryhty\u00e4 perint\u00e4toimenpiteisiin, mukaan lukien viiv\u00e4styskorkojen periminen ja oikeudellisten perint\u00e4toimenpiteiden k\u00e4ynnist\u00e4minen.<\/strong><\/h1>\n<h1><strong>5.4. Viiv\u00e4styskorko m\u00e4\u00e4r\u00e4ytyy Suomen lain mukaisesti.<\/strong><\/h1>\n<ol>\n<li style=\"font-weight: 400;\" aria-level=\"1\">\n<h1><strong>VASTUUT 6.1. Vuokralainen on vastuussa Laitteen k\u00e4yt\u00f6st\u00e4 Sopimuksen mukaisesti ja huolehtii siit\u00e4, ett\u00e4 Laitetta k\u00e4ytet\u00e4\u00e4n vain siin\u00e4 tarkoituksessa, johon se on tarkoitettu.<\/strong><\/h1>\n<\/li>\n<\/ol>\n<h1><strong>6.2. Vuokralainen on vastuussa kaikista Laitteen k\u00e4yt\u00f6st\u00e4 aiheutuvista vahingoista ja vioista, lukuun ottamatta normaalista kulumisesta johtuvia vahinkoja.<\/strong><\/h1>\n<h1><strong>6.3. Vuokralainen vastaa kaikista Laitteen huoltoon ja korjaukseen liittyvist\u00e4 kustannuksista, jotka johtuvat Vuokralaisen virheellisest\u00e4 k\u00e4yt\u00f6st\u00e4, laiminly\u00f6nneist\u00e4 tai muista vastaavista syist\u00e4.<\/strong><\/h1>\n<h1><strong>6.4. Vuokranantaja ei vastaa mist\u00e4\u00e4n Vuokralaisen tai kolmansien osapuolten aiheuttamista vahingoista tai menetyksist\u00e4, jotka johtuvat Laitteen k\u00e4yt\u00f6st\u00e4.<\/strong><\/h1>\n<ol>\n<li style=\"font-weight: 400;\" aria-level=\"1\">\n<h1><strong>SOVELLETTAVA LAKI JA RIITOJEN RATKAISU 7.1. Sopimukseen sovelletaan Suomen lakia.<\/strong><\/h1>\n<\/li>\n<\/ol>\n<h1><strong>7.2. Kaikki Sopimuksesta aiheutuvat riidat ja erimielisyydet pyrit\u00e4\u00e4n ensisijaisesti ratkaisemaan Osapuolten v\u00e4lisill\u00e4 neuvotteluilla.<\/strong><\/h1>\n<h1><strong>7.3. Jos Osapuolet eiv\u00e4t p\u00e4\u00e4se sopimukseen, riita ratkaistaan Helsingin k\u00e4r\u00e4j\u00e4oikeudessa.<\/strong><\/h1>\n<ol>\n<li style=\"font-weight: 400;\" aria-level=\"1\">\n<h1><strong>MUUT EHDOT 8.1. Vuokranantaja pid\u00e4tt\u00e4\u00e4 oikeuden muuttaa n\u00e4it\u00e4 Vuokraehtoja yksipuolisesti ilmoittamalla siit\u00e4 Vuokralaiselle kirjallisesti v\u00e4hint\u00e4\u00e4n kolmekymment\u00e4 (30) p\u00e4iv\u00e4\u00e4 ennen muutoksen voimaantuloa.<\/strong><\/h1>\n<\/li>\n<\/ol>\n<h1><strong>8.2. Vuokralainen sitoutuu noudattamaan n\u00e4it\u00e4 Vuokraehtoja ja kaikkia muita Sopimuksen mukaisia velvoitteitaan koko Vuokra-ajan ajan.<\/strong><\/h1>\n<link rel=\"stylesheet\" href=\"https:\/\/www.pehmea.fi\/wp-content\/plugins\/elementor-pro\/assets\/css\/widget-animated-headline.min.css\">\n<h3>\n\t\t\t\t\tOTA<br \/>\n\t\t\t\t\tYHTEYTT\u00c4<br \/>\n\t\t\t\t<\/h3>\n<p>\t\t\t<a href=\"\/#menu\"><br \/>\n\t\t\t\t\t\t<\/a><\/p>\n<h3>\n\t\t\t\t\tYhteystiedot<br \/>\n\t\t\t\t<\/h3>\n<link rel=\"stylesheet\" href=\"https:\/\/www.pehmea.fi\/wp-content\/plugins\/elementor\/assets\/css\/widget-icon-list.min.css\">\n<ul>\n<li>\n\t\t\t\t\t\t\t\t\t\tPehmea OY\n\t\t\t\t\t\t\t\t\t<\/li>\n<li>\n\t\t\t\t\t\t\t\t\t\t3264855-7\n\t\t\t\t\t\t\t\t\t<\/li>\n<li>\n\t\t\t\t\t\t\t\t\t\t(+358) 40 168 7411\n\t\t\t\t\t\t\t\t\t<\/li>\n<li>\n\t\t\t\t\t\t\t\t\t\tinfo@pehmea.fi\n\t\t\t\t\t\t\t\t\t<\/li>\n<li>\n\t\t\t\t\t\t\t\t\t\t\t<a href=\"https:\/\/www.tiktok.com\/@pehmytjaatelokonevuokra\" target=\"_blank\" rel=\"noopener\"><br \/>\n\t\t\t\t\t\t\t\t\t\t\t<\/a>\n\t\t\t\t\t\t\t\t\t<\/li>\n<li>\n\t\t\t\t\t\t\t\t\t\t\t<a href=\"https:\/\/www.facebook.com\/Pehmytjaatelokonevuokraus\" target=\"_blank\" rel=\"noopener\"><br \/>\n\t\t\t\t\t\t\t\t\t\t\t<\/a>\n\t\t\t\t\t\t\t\t\t<\/li>\n<\/ul>\n","protected":false},"excerpt":{"rendered":"<p>Vuokrausehdot Pehmea OY vuokrausehdot Voimassa alkaen 01.01.2022 L\u00e4hett\u00e4m\u00e4ll\u00e4 kyselyn Laitteen vuokraamisesta hyv\u00e4ksyt automaattisesti Pehmea OY palveluun liittyv\u00e4t vuokrausehdot. M\u00c4\u00c4RITELM\u00c4T 1.1. Vuokranantaja \u2013 Pehmea OY; 1.2. Vuokralainen \u2013 henkil\u00f6, jonka kanssa Vuokranantaja on solminut Sopimuksen; 1.3. Vuokra-aika \u2013 aikajakso Vuokranantajan Laitteen luovuttamisesta Vuokralaiselle Laitteen asianmukaiseen palauttamiseen Vuokralaisen toimesta; 1.4. Vuokrap\u00e4iv\u00e4 \u2013 Vuokra-ajan yksi kalenterip\u00e4iv\u00e4; 1.5. Vuokrahinta [&hellip;]<\/p>\n","protected":false},"author":1,"featured_media":0,"parent":0,"menu_order":0,"comment_status":"closed","ping_status":"closed","template":"page-with-title","meta":{"_monsterinsights_skip_tracking":false,"_monsterinsights_sitenote_active":false,"_monsterinsights_sitenote_note":"","_monsterinsights_sitenote_category":0,"footnotes":""},"class_list":["post-2319","page","type-page","status-publish","hentry"],"aioseo_notices":[],"_links":{"self":[{"href":"https:\/\/www.pehmea.fi\/en\/wp-json\/wp\/v2\/pages\/2319","targetHints":{"allow":["GET"]}}],"collection":[{"href":"https:\/\/www.pehmea.fi\/en\/wp-json\/wp\/v2\/pages"}],"about":[{"href":"https:\/\/www.pehmea.fi\/en\/wp-json\/wp\/v2\/types\/page"}],"author":[{"embeddable":true,"href":"https:\/\/www.pehmea.fi\/en\/wp-json\/wp\/v2\/users\/1"}],"replies":[{"embeddable":true,"href":"https:\/\/www.pehmea.fi\/en\/wp-json\/wp\/v2\/comments?post=2319"}],"version-history":[{"count":0,"href":"https:\/\/www.pehmea.fi\/en\/wp-json\/wp\/v2\/pages\/2319\/revisions"}],"wp:attachment":[{"href":"https:\/\/www.pehmea.fi\/en\/wp-json\/wp\/v2\/media?parent=2319"}],"curies":[{"name":"wp","href":"https:\/\/api.w.org\/{rel}","templated":true}]}}